{"id":3545,"date":"2024-09-03T10:10:34","date_gmt":"2024-09-03T10:10:34","guid":{"rendered":"https:\/\/www.medinik.de\/impressum\/"},"modified":"2025-07-02T09:06:57","modified_gmt":"2025-07-02T09:06:57","slug":"pie-de-imprenta","status":"publish","type":"page","link":"https:\/\/www.medinik.de\/es\/pie-de-imprenta\/","title":{"rendered":"Pie de imprenta"},"content":{"rendered":"<p>[et_pb_section fb_built=\u00bb1&#8243; custom_padding_last_edited=\u00bbon|desktop\u00bb _builder_version=\u00bb4.27.0&#8243; _module_preset=\u00bb_initial\u00bb background_color=\u00bbRGBA(255,255,255,0)\u00bb custom_margin=\u00bb||||false|false\u00bb custom_padding=\u00bb100px||100px||false|false\u00bb custom_padding_tablet=\u00bb50px||50px||false|false\u00bb custom_padding_phone=\u00bb||50px||false|false\u00bb locked=\u00bboff\u00bb global_colors_info=\u00bb{}\u00bb][et_pb_row _builder_version=\u00bb4.27.0&#8243; _module_preset=\u00bb_initial\u00bb width_tablet=\u00bb\u00bb width_phone=\u00bb90%\u00bb width_last_edited=\u00bbon|phone\u00bb custom_padding=\u00bb0px||80px||false|false\u00bb border_color_top=\u00bbRGBA(37,55,70,0.2)\u00bb locked=\u00bboff\u00bb global_colors_info=\u00bb{}\u00bb][et_pb_column type=\u00bb4_4&#8243; _builder_version=\u00bb4.23.1&#8243; _module_preset=\u00bbdefault\u00bb global_colors_info=\u00bb{}\u00bb][et_pb_text ul_type=\u00bbnone\u00bb ul_item_indent=\u00bb20px\u00bb _builder_version=\u00bb4.27.0&#8243; _module_preset=\u00bb_initial\u00bb text_line_height=\u00bb1.4em\u00bb ul_font_size=\u00bb16px\u00bb ul_line_height=\u00bb1.5em\u00bb header_font_size=\u00bb80px\u00bb header_2_font=\u00bb|600|||||||\u00bb header_3_font=\u00bb|600|||||||\u00bb header_4_font=\u00bb|600|||||||\u00bb header_4_letter_spacing=\u00bb-0.5px\u00bb header_6_font=\u00bb|600|||||||\u00bb header_6_line_height=\u00bb1.2em\u00bb max_width=\u00bb900px\u00bb text_line_height_tablet=\u00bb1.5em\u00bb text_line_height_phone=\u00bb1.5em\u00bb text_line_height_last_edited=\u00bbon|phone\u00bb header_font_size_tablet=\u00bb55px\u00bb header_2_font_size_tablet=\u00bb\u00bb header_2_font_size_phone=\u00bb\u00bb header_2_font_size_last_edited=\u00bbon|phone\u00bb global_colors_info=\u00bb{}\u00bb]<\/p>\n<h1>Pie de imprenta<\/h1>\n<p>[\/et_pb_text][\/et_pb_column][\/et_pb_row][et_pb_row column_structure=\u00bb1_3,2_3&#8243; _builder_version=\u00bb4.27.0&#8243; _module_preset=\u00bb_initial\u00bb width_tablet=\u00bb\u00bb width_phone=\u00bb90%\u00bb width_last_edited=\u00bbon|phone\u00bb custom_padding=\u00bb0px||0px||false|false\u00bb global_colors_info=\u00bb{}\u00bb][et_pb_column type=\u00bb1_3&#8243; _builder_version=\u00bb4.23.4&#8243; _module_preset=\u00bbdefault\u00bb global_colors_info=\u00bb{}\u00bb][et_pb_text ul_type=\u00bbnone\u00bb ul_item_indent=\u00bb20px\u00bb _builder_version=\u00bb4.27.0&#8243; _module_preset=\u00bb_initial\u00bb text_line_height=\u00bb1.4em\u00bb link_font=\u00bb||||on||||\u00bb ul_font_size=\u00bb16px\u00bb ul_line_height=\u00bb1.5em\u00bb header_font_size=\u00bb80px\u00bb header_2_font=\u00bb|600|||||||\u00bb header_3_font=\u00bb|600|||||||\u00bb header_4_font=\u00bb|600|||||||\u00bb header_4_font_size=\u00bb20px\u00bb header_4_letter_spacing=\u00bb-0.5px\u00bb header_6_font=\u00bb|600|||||||\u00bb header_6_line_height=\u00bb1.2em\u00bb text_line_height_tablet=\u00bb1.5em\u00bb text_line_height_phone=\u00bb1.5em\u00bb text_line_height_last_edited=\u00bbon|phone\u00bb header_font_size_tablet=\u00bb55px\u00bb header_2_font_size_tablet=\u00bb\u00bb header_2_font_size_phone=\u00bb\u00bb header_2_font_size_last_edited=\u00bbon|phone\u00bb global_colors_info=\u00bb{}\u00bb]<\/p>\n<h4>FARCO-PHARMA GmbH<\/h4>\n<p>Gereonsm\u00fchlengasse 1-11<br \/>50670 Colonia<\/p>\n<p>Apartado de correos 10 14 45<br \/>50454 Colonia<\/p>\n<p>Tel. + 49 (0) 221 594061<br \/>Fax + 49 (0) 221 593614<\/p>\n<p><a href=\"mailto:info@farco-pharma.de\" target=\"_blank\" rel=\"noopener\">info@farco-pharma.de<\/a><br \/><a href=\"https:\/\/www.farco.de\" target=\"_blank\" rel=\"noopener\">www.farco.de<\/a><\/p>\n<p>[\/et_pb_text][\/et_pb_column][et_pb_column type=\u00bb2_3&#8243; _builder_version=\u00bb4.23.4&#8243; _module_preset=\u00bbdefault\u00bb global_colors_info=\u00bb{}\u00bb][et_pb_text ul_type=\u00bbnone\u00bb ul_item_indent=\u00bb20px\u00bb module_class=\u00bbdefault-bulletpoints\u00bb _builder_version=\u00bb4.27.2&#8243; _module_preset=\u00bb_initial\u00bb text_line_height=\u00bb1.4em\u00bb ul_font_size=\u00bb16px\u00bb ul_line_height=\u00bb1.5em\u00bb header_font_size=\u00bb80px\u00bb header_2_font=\u00bb|600|||||||\u00bb header_3_font=\u00bb|600|||||||\u00bb header_4_font=\u00bb|600|||||||\u00bb header_4_letter_spacing=\u00bb-0.5px\u00bb header_6_font=\u00bb|600|||||||\u00bb header_6_line_height=\u00bb1.2em\u00bb text_line_height_tablet=\u00bb1.5em\u00bb text_line_height_phone=\u00bb1.5em\u00bb text_line_height_last_edited=\u00bbon|phone\u00bb header_font_size_tablet=\u00bb55px\u00bb header_2_font_size_tablet=\u00bb\u00bb header_2_font_size_phone=\u00bb\u00bb header_2_font_size_last_edited=\u00bbon|phone\u00bb global_colors_info=\u00bb{}\u00bb]<\/p>\n<p><strong>Director General:<\/strong><br \/>Dr. Marc Vollenbr\u00f6ker<br \/>Dr. Stefan Koch<\/p>\n<p><strong>Gesellschaftsform:<\/strong><br \/>GmbH<\/p>\n<p><strong>Tribunal competente del registro:<\/strong><br \/>K\u00f6ln<\/p>\n<p><strong>Registro mercantil:<\/strong><br \/>Colonia, HRB 5138<\/p>\n<p><strong>Autoridad de control competente:<\/strong><br \/>Gobierno regional de Colonia<\/p>\n<p><strong>N\u00famero de identificaci\u00f3n fiscal:<\/strong><br \/>DE 811243951<\/p>\n<p><strong>Autoridad supervisora:<\/strong><br \/>Gobierno regional de Colonia<br \/>Zeughausstr. 2\u201310<br \/>50667 Colonia<\/p>\n<p><strong>Redacci\u00f3n:<\/strong><br \/>FARCO-PHARMA GmbH<\/p>\n<p>[\/et_pb_text][et_pb_code _builder_version=\u00bb4.27.4&#8243; _module_preset=\u00bbdefault\u00bb global_colors_info=\u00bb{}\u00bb]<\/p>\n<div data-nosnippet><!-- [et_pb_line_break_holder] -->[\/et_pb_code][et_pb_toggle title=\u00bbCr\u00e9ditos de las im\u00e1genes:\u00bb _builder_version=\u00bb4.27.4&#8243; _module_preset=\u00bbdefault\u00bb global_colors_info=\u00bb{}\u00bb]<\/p>\n<ul>\n<li><strong>Fuente de la imagen:<span>\u00a0<\/span><\/strong>Getty Images,<span>\u00a0<\/span><strong>Autor\/Fot\u00f3grafo:<span>\u00a0<\/span><\/strong>Morsa Images,<span>\u00a0<\/span><strong>n\u00famero de imagen:<span>\u00a0<\/span><\/strong>493216361<\/li>\n<li><strong>Fuente de la imagen:<span>\u00a0<\/span><\/strong>Getty Images,<span>\u00a0<\/span><strong>Autor\/Fot\u00f3grafo:<span>\u00a0<\/span><\/strong>skynesher,<span>\u00a0<\/span><strong>n\u00famero de imagen:<span>\u00a0<\/span><\/strong>1280510422<\/li>\n<li><strong>Fuente de la imagen:<span>\u00a0<\/span><\/strong>Getty Images,<span>\u00a0<\/span><strong>Autor\/Fot\u00f3grafo:<span>\u00a0<\/span><\/strong>Klaus Vedfelt,<span>\u00a0<\/span><strong>n\u00famero de imagen:<span>\u00a0<\/span><\/strong>644162821<\/li>\n<li><strong>Fuente de la imagen:<span>\u00a0<\/span><\/strong>Getty Images,<span>\u00a0<\/span><strong>Autor\/Fot\u00f3grafo:<span>\u00a0<\/span><\/strong>fotostorm,<span>\u00a0<\/span><strong>n\u00famero de imagen:<span>\u00a0<\/span><\/strong>1405748881<\/li>\n<li><strong>Fuente de la imagen:<span>\u00a0<\/span><\/strong>iStock by Getty Images,<span>\u00a0<\/span><strong>Autor\/Fot\u00f3grafo:<span>\u00a0<\/span><\/strong>flyparade,<span>\u00a0<\/span><strong>n\u00famero de imagen:<span>\u00a0<\/span><\/strong>82395836<\/li>\n<li><strong>Fuente de la imagen:<span>\u00a0<\/span><\/strong>iStock by Getty Images,<span>\u00a0<\/span><strong>Autor\/Fot\u00f3grafo:<span>\u00a0<\/span><\/strong>shapecharge,<span>\u00a0<\/span><strong>n\u00famero de imagen:<span>\u00a0<\/span><\/strong>1185397615<\/li>\n<li><strong>Fuente de la imagen:<span>\u00a0<\/span><\/strong>iStock by Getty Images,<span>\u00a0<\/span><strong>Autor\/Fot\u00f3grafo:<span>\u00a0<\/span><\/strong>elenaleonova,<span>\u00a0<\/span><strong>n\u00famero de imagen:<span>\u00a0<\/span><\/strong>1317466829<\/li>\n<li><strong>Fuente de la imagen:<span>\u00a0<\/span><\/strong>iStock by Getty Images,<span>\u00a0<\/span><strong>Autor\/Fot\u00f3grafo:<span>\u00a0<\/span><\/strong>supersizer,<span>\u00a0<\/span><strong>n\u00famero de imagen:<span>\u00a0<\/span><\/strong>1340942777<\/li>\n<\/ul>\n<p>[\/et_pb_toggle][et_pb_code _builder_version=\u00bb4.27.4&#8243; _module_preset=\u00bbdefault\u00bb global_colors_info=\u00bb{}\u00bb]<\/p><\/div>\n<p><!-- [et_pb_line_break_holder] -->[\/et_pb_code][\/et_pb_column][\/et_pb_row][\/et_pb_section]<\/p>\n","protected":false},"excerpt":{"rendered":"<p>Pie de imprentaFARCO-PHARMA GmbH Gereonsm\u00fchlengasse 1-1150670 Colonia Apartado de correos 10 14 4550454 Colonia Tel. + 49 (0) 221 594061Fax + 49 (0) 221 593614 info@farco-pharma.dewww.farco.deDirector General:Dr. Marc Vollenbr\u00f6kerDr. Stefan Koch Gesellschaftsform:GmbH Tribunal competente del registro:K\u00f6ln Registro mercantil:Colonia, HRB 5138 Autoridad de control competente:Gobierno regional de Colonia N\u00famero de identificaci\u00f3n fiscal:DE 811243951 Autoridad supervisora:Gobierno regional de ColoniaZeughausstr. 2\u20131050667 Colonia Redacci\u00f3n:FARCO-PHARMA GmbH Fuente de la imagen:\u00a0Getty Images,\u00a0Autor\/Fot\u00f3grafo:\u00a0Morsa Images,\u00a0n\u00famero de imagen:\u00a0493216361 Fuente de la imagen:\u00a0Getty Images,\u00a0Autor\/Fot\u00f3grafo:\u00a0skynesher,\u00a0n\u00famero de imagen:\u00a01280510422 Fuente de la imagen:\u00a0Getty Images,\u00a0Autor\/Fot\u00f3grafo:\u00a0Klaus Vedfelt,\u00a0n\u00famero de imagen:\u00a0644162821 Fuente de la imagen:\u00a0Getty Images,\u00a0Autor\/Fot\u00f3grafo:\u00a0fotostorm,\u00a0n\u00famero de imagen:\u00a01405748881 Fuente de la imagen:\u00a0iStock by Getty Images,\u00a0Autor\/Fot\u00f3grafo:\u00a0flyparade,\u00a0n\u00famero de imagen:\u00a082395836 Fuente de la imagen:\u00a0iStock by Getty Images,\u00a0Autor\/Fot\u00f3grafo:\u00a0shapecharge,\u00a0n\u00famero de imagen:\u00a01185397615 Fuente de la imagen:\u00a0iStock by Getty Images,\u00a0Autor\/Fot\u00f3grafo:\u00a0elenaleonova,\u00a0n\u00famero de imagen:\u00a01317466829 Fuente de la imagen:\u00a0iStock by Getty Images,\u00a0Autor\/Fot\u00f3grafo:\u00a0supersizer,\u00a0n\u00famero de imagen:\u00a01340942777<\/p>\n","protected":false},"author":3,"featured_media":0,"parent":0,"menu_order":0,"comment_status":"closed","ping_status":"closed","template":"","meta":{"_et_pb_use_builder":"on","_et_pb_old_content":"","_et_gb_content_width":"","inline_featured_image":false,"footnotes":""},"class_list":["post-3545","page","type-page","status-publish","hentry"],"yoast_head":"<!-- This site is optimized with the Yoast SEO plugin v27.4 - https:\/\/yoast.com\/product\/yoast-seo-wordpress\/ -->\n<title>Pie de imprenta - mediNiK\u00ae<\/title>\n<meta name=\"robots\" content=\"index, follow, max-snippet:-1, max-image-preview:large, max-video-preview:-1\" \/>\n<link rel=\"canonical\" href=\"https:\/\/www.medinik.de\/es\/pie-de-imprenta\/\" \/>\n<meta property=\"og:locale\" content=\"es_ES\" \/>\n<meta property=\"og:type\" content=\"article\" \/>\n<meta property=\"og:title\" content=\"Pie de imprenta - mediNiK\u00ae\" \/>\n<meta property=\"og:description\" content=\"Pie de imprentaFARCO-PHARMA GmbH Gereonsm\u00fchlengasse 1-1150670 Colonia Apartado de correos 10 14 4550454 Colonia Tel. + 49 (0) 221 594061Fax + 49 (0) 221 593614 info@farco-pharma.dewww.farco.deDirector General:Dr. Marc Vollenbr\u00f6kerDr. Stefan Koch Gesellschaftsform:GmbH Tribunal competente del registro:K\u00f6ln Registro mercantil:Colonia, HRB 5138 Autoridad de control competente:Gobierno regional de Colonia N\u00famero de identificaci\u00f3n fiscal:DE 811243951 Autoridad supervisora:Gobierno regional de ColoniaZeughausstr. 2\u20131050667 Colonia Redacci\u00f3n:FARCO-PHARMA GmbH Fuente de la imagen:\u00a0Getty Images,\u00a0Autor\/Fot\u00f3grafo:\u00a0Morsa Images,\u00a0n\u00famero de imagen:\u00a0493216361 Fuente de la imagen:\u00a0Getty Images,\u00a0Autor\/Fot\u00f3grafo:\u00a0skynesher,\u00a0n\u00famero de imagen:\u00a01280510422 Fuente de la imagen:\u00a0Getty Images,\u00a0Autor\/Fot\u00f3grafo:\u00a0Klaus Vedfelt,\u00a0n\u00famero de imagen:\u00a0644162821 Fuente de la imagen:\u00a0Getty Images,\u00a0Autor\/Fot\u00f3grafo:\u00a0fotostorm,\u00a0n\u00famero de imagen:\u00a01405748881 Fuente de la imagen:\u00a0iStock by Getty Images,\u00a0Autor\/Fot\u00f3grafo:\u00a0flyparade,\u00a0n\u00famero de imagen:\u00a082395836 Fuente de la imagen:\u00a0iStock by Getty Images,\u00a0Autor\/Fot\u00f3grafo:\u00a0shapecharge,\u00a0n\u00famero de imagen:\u00a01185397615 Fuente de la imagen:\u00a0iStock by Getty Images,\u00a0Autor\/Fot\u00f3grafo:\u00a0elenaleonova,\u00a0n\u00famero de imagen:\u00a01317466829 Fuente de la imagen:\u00a0iStock by Getty Images,\u00a0Autor\/Fot\u00f3grafo:\u00a0supersizer,\u00a0n\u00famero de imagen:\u00a01340942777\" \/>\n<meta property=\"og:url\" content=\"https:\/\/www.medinik.de\/es\/pie-de-imprenta\/\" \/>\n<meta property=\"og:site_name\" content=\"mediNiK\u00ae\" \/>\n<meta property=\"article:modified_time\" content=\"2025-07-02T09:06:57+00:00\" \/>\n<meta name=\"twitter:card\" content=\"summary_large_image\" \/>\n<meta name=\"twitter:label1\" content=\"Tiempo de lectura\" \/>\n\t<meta name=\"twitter:data1\" content=\"2 minutos\" \/>\n<script type=\"application\/ld+json\" class=\"yoast-schema-graph\">{\"@context\":\"https:\\\/\\\/schema.org\",\"@graph\":[{\"@type\":\"WebPage\",\"@id\":\"https:\\\/\\\/www.medinik.de\\\/es\\\/pie-de-imprenta\\\/\",\"url\":\"https:\\\/\\\/www.medinik.de\\\/es\\\/pie-de-imprenta\\\/\",\"name\":\"Pie de imprenta - mediNiK\u00ae\",\"isPartOf\":{\"@id\":\"https:\\\/\\\/www.medinik.de\\\/es\\\/#website\"},\"datePublished\":\"2024-09-03T10:10:34+00:00\",\"dateModified\":\"2025-07-02T09:06:57+00:00\",\"breadcrumb\":{\"@id\":\"https:\\\/\\\/www.medinik.de\\\/es\\\/pie-de-imprenta\\\/#breadcrumb\"},\"inLanguage\":\"es\",\"potentialAction\":[{\"@type\":\"ReadAction\",\"target\":[\"https:\\\/\\\/www.medinik.de\\\/es\\\/pie-de-imprenta\\\/\"]}]},{\"@type\":\"BreadcrumbList\",\"@id\":\"https:\\\/\\\/www.medinik.de\\\/es\\\/pie-de-imprenta\\\/#breadcrumb\",\"itemListElement\":[{\"@type\":\"ListItem\",\"position\":1,\"name\":\"Startseite\",\"item\":\"https:\\\/\\\/www.medinik.de\\\/es\\\/\"},{\"@type\":\"ListItem\",\"position\":2,\"name\":\"Pie de imprenta\"}]},{\"@type\":\"WebSite\",\"@id\":\"https:\\\/\\\/www.medinik.de\\\/es\\\/#website\",\"url\":\"https:\\\/\\\/www.medinik.de\\\/es\\\/\",\"name\":\"mediNiK\u00ae\",\"description\":\"Der neue Standard. Steinfrei mit mediNiK\u00ae\",\"potentialAction\":[{\"@type\":\"SearchAction\",\"target\":{\"@type\":\"EntryPoint\",\"urlTemplate\":\"https:\\\/\\\/www.medinik.de\\\/es\\\/?s={search_term_string}\"},\"query-input\":{\"@type\":\"PropertyValueSpecification\",\"valueRequired\":true,\"valueName\":\"search_term_string\"}}],\"inLanguage\":\"es\"}]}<\/script>\n<!-- \/ Yoast SEO plugin. -->","yoast_head_json":{"title":"Pie de imprenta - mediNiK\u00ae","robots":{"index":"index","follow":"follow","max-snippet":"max-snippet:-1","max-image-preview":"max-image-preview:large","max-video-preview":"max-video-preview:-1"},"canonical":"https:\/\/www.medinik.de\/es\/pie-de-imprenta\/","og_locale":"es_ES","og_type":"article","og_title":"Pie de imprenta - mediNiK\u00ae","og_description":"Pie de imprentaFARCO-PHARMA GmbH Gereonsm\u00fchlengasse 1-1150670 Colonia Apartado de correos 10 14 4550454 Colonia Tel. + 49 (0) 221 594061Fax + 49 (0) 221 593614 info@farco-pharma.dewww.farco.deDirector General:Dr. Marc Vollenbr\u00f6kerDr. Stefan Koch Gesellschaftsform:GmbH Tribunal competente del registro:K\u00f6ln Registro mercantil:Colonia, HRB 5138 Autoridad de control competente:Gobierno regional de Colonia N\u00famero de identificaci\u00f3n fiscal:DE 811243951 Autoridad supervisora:Gobierno regional de ColoniaZeughausstr. 2\u20131050667 Colonia Redacci\u00f3n:FARCO-PHARMA GmbH Fuente de la imagen:\u00a0Getty Images,\u00a0Autor\/Fot\u00f3grafo:\u00a0Morsa Images,\u00a0n\u00famero de imagen:\u00a0493216361 Fuente de la imagen:\u00a0Getty Images,\u00a0Autor\/Fot\u00f3grafo:\u00a0skynesher,\u00a0n\u00famero de imagen:\u00a01280510422 Fuente de la imagen:\u00a0Getty Images,\u00a0Autor\/Fot\u00f3grafo:\u00a0Klaus Vedfelt,\u00a0n\u00famero de imagen:\u00a0644162821 Fuente de la imagen:\u00a0Getty Images,\u00a0Autor\/Fot\u00f3grafo:\u00a0fotostorm,\u00a0n\u00famero de imagen:\u00a01405748881 Fuente de la imagen:\u00a0iStock by Getty Images,\u00a0Autor\/Fot\u00f3grafo:\u00a0flyparade,\u00a0n\u00famero de imagen:\u00a082395836 Fuente de la imagen:\u00a0iStock by Getty Images,\u00a0Autor\/Fot\u00f3grafo:\u00a0shapecharge,\u00a0n\u00famero de imagen:\u00a01185397615 Fuente de la imagen:\u00a0iStock by Getty Images,\u00a0Autor\/Fot\u00f3grafo:\u00a0elenaleonova,\u00a0n\u00famero de imagen:\u00a01317466829 Fuente de la imagen:\u00a0iStock by Getty Images,\u00a0Autor\/Fot\u00f3grafo:\u00a0supersizer,\u00a0n\u00famero de imagen:\u00a01340942777","og_url":"https:\/\/www.medinik.de\/es\/pie-de-imprenta\/","og_site_name":"mediNiK\u00ae","article_modified_time":"2025-07-02T09:06:57+00:00","twitter_card":"summary_large_image","twitter_misc":{"Tiempo de lectura":"2 minutos"},"schema":{"@context":"https:\/\/schema.org","@graph":[{"@type":"WebPage","@id":"https:\/\/www.medinik.de\/es\/pie-de-imprenta\/","url":"https:\/\/www.medinik.de\/es\/pie-de-imprenta\/","name":"Pie de imprenta - mediNiK\u00ae","isPartOf":{"@id":"https:\/\/www.medinik.de\/es\/#website"},"datePublished":"2024-09-03T10:10:34+00:00","dateModified":"2025-07-02T09:06:57+00:00","breadcrumb":{"@id":"https:\/\/www.medinik.de\/es\/pie-de-imprenta\/#breadcrumb"},"inLanguage":"es","potentialAction":[{"@type":"ReadAction","target":["https:\/\/www.medinik.de\/es\/pie-de-imprenta\/"]}]},{"@type":"BreadcrumbList","@id":"https:\/\/www.medinik.de\/es\/pie-de-imprenta\/#breadcrumb","itemListElement":[{"@type":"ListItem","position":1,"name":"Startseite","item":"https:\/\/www.medinik.de\/es\/"},{"@type":"ListItem","position":2,"name":"Pie de imprenta"}]},{"@type":"WebSite","@id":"https:\/\/www.medinik.de\/es\/#website","url":"https:\/\/www.medinik.de\/es\/","name":"mediNiK\u00ae","description":"Der neue Standard. Steinfrei mit mediNiK\u00ae","potentialAction":[{"@type":"SearchAction","target":{"@type":"EntryPoint","urlTemplate":"https:\/\/www.medinik.de\/es\/?s={search_term_string}"},"query-input":{"@type":"PropertyValueSpecification","valueRequired":true,"valueName":"search_term_string"}}],"inLanguage":"es"}]}},"_links":{"self":[{"href":"https:\/\/www.medinik.de\/es\/wp-json\/wp\/v2\/pages\/3545","targetHints":{"allow":["GET"]}}],"collection":[{"href":"https:\/\/www.medinik.de\/es\/wp-json\/wp\/v2\/pages"}],"about":[{"href":"https:\/\/www.medinik.de\/es\/wp-json\/wp\/v2\/types\/page"}],"author":[{"embeddable":true,"href":"https:\/\/www.medinik.de\/es\/wp-json\/wp\/v2\/users\/3"}],"replies":[{"embeddable":true,"href":"https:\/\/www.medinik.de\/es\/wp-json\/wp\/v2\/comments?post=3545"}],"version-history":[{"count":13,"href":"https:\/\/www.medinik.de\/es\/wp-json\/wp\/v2\/pages\/3545\/revisions"}],"predecessor-version":[{"id":5034,"href":"https:\/\/www.medinik.de\/es\/wp-json\/wp\/v2\/pages\/3545\/revisions\/5034"}],"wp:attachment":[{"href":"https:\/\/www.medinik.de\/es\/wp-json\/wp\/v2\/media?parent=3545"}],"curies":[{"name":"wp","href":"https:\/\/api.w.org\/{rel}","templated":true}]}}